{"id":76,"date":"2024-12-01T18:43:20","date_gmt":"2024-12-01T18:43:20","guid":{"rendered":"https:\/\/nowa.ksgservice.pl\/?page_id=76"},"modified":"2024-12-02T11:24:07","modified_gmt":"2024-12-02T11:24:07","slug":"wydarzenia","status":"publish","type":"page","link":"https:\/\/nowa.ksgservice.pl\/?page_id=76","title":{"rendered":"Wydarzenia"},"content":{"rendered":"\t\t<div data-elementor-type=\"wp-page\" data-elementor-id=\"76\" class=\"elementor elementor-76\" data-elementor-post-type=\"page\">\n\t\t\t\t<div class=\"elementor-element elementor-element-6d21be6 e-flex e-con-boxed e-con e-parent\" data-id=\"6d21be6\" data-element_type=\"container\">\n\t\t\t\t\t<div class=\"e-con-inner\">\n\t\t\t\t\t<\/div>\n\t\t\t\t<\/div>\n\t\t<div class=\"elementor-element elementor-element-58c9cea e-flex e-con-boxed e-con e-parent\" data-id=\"58c9cea\" data-element_type=\"container\">\n\t\t\t\t\t<div class=\"e-con-inner\">\n\t\t\t\t\t<\/div>\n\t\t\t\t<\/div>\n\t\t<div class=\"elementor-element elementor-element-7fc376c e-flex e-con-boxed e-con e-parent\" data-id=\"7fc376c\" data-element_type=\"container\">\n\t\t\t\t\t<div class=\"e-con-inner\">\n\t\t\t\t<div class=\"elementor-element elementor-element-14ae410 animation_type_block sc_fly_static elementor-widget elementor-widget-spacer\" data-id=\"14ae410\" data-element_type=\"widget\" data-widget_type=\"spacer.default\">\n\t\t\t\t<div class=\"elementor-widget-container\">\n\t\t\t\t\t\t\t<div class=\"elementor-spacer\">\n\t\t\t<div class=\"elementor-spacer-inner\"><\/div>\n\t\t<\/div>\n\t\t\t\t\t\t<\/div>\n\t\t\t\t<\/div>\n\t\t\t\t\t<\/div>\n\t\t\t\t<\/div>\n\t\t<div class=\"elementor-element elementor-element-a420958 e-flex e-con-boxed e-con e-parent\" data-id=\"a420958\" data-element_type=\"container\">\n\t\t\t\t\t<div class=\"e-con-inner\">\n\t\t\t\t\t<\/div>\n\t\t\t\t<\/div>\n\t\t\t\t<\/div>\n\t\t","protected":false},"excerpt":{"rendered":"<p>View Rozstrzygni\u0119cie 45 Og\u00f3lnopolskiego Konkursu Literackiego. 7 grudnia, 2024 08:00 Rozstrzygni\u0119cie 45 Og\u00f3lnopolskiego Konkursu Literackiego. Rozstrzygni\u0119cie 45 Og\u00f3lnopolskiego Konkursu Literackiego. Rozstrzygni\u0119cie 45 Og\u00f3lnopolskiego Konkursu Literackiego. Rozstrzygni\u0119cie 45 Og\u00f3lnopolskiego Konkursu Literackiego. More info View Wigilia dla os\u00f3b ubogich i samotnych z terenu Powiatu Siedleckiego. 19 grudnia,&hellip;<\/p>\n","protected":false},"author":1,"featured_media":0,"parent":0,"menu_order":0,"comment_status":"closed","ping_status":"closed","template":"","meta":{"_price":"","_stock":"","_tribe_ticket_header":"","_tribe_default_ticket_provider":"","_tribe_ticket_capacity":"0","_ticket_start_date":"","_ticket_end_date":"","_tribe_ticket_show_description":"","_tribe_ticket_show_not_going":false,"_tribe_ticket_use_global_stock":"","_tribe_ticket_global_stock_level":"","_global_stock_mode":"","_global_stock_cap":"","_tribe_rsvp_for_event":"","_tribe_ticket_going_count":"","_tribe_ticket_not_going_count":"","_tribe_tickets_list":"[]","_tribe_ticket_has_attendee_info_fields":false,"footnotes":"","_tec_slr_enabled":"","_tec_slr_layout":""},"class_list":["post-76","page","type-page","status-publish","hentry"],"ticketed":false,"_links":{"self":[{"href":"https:\/\/nowa.ksgservice.pl\/index.php?rest_route=\/wp\/v2\/pages\/76","targetHints":{"allow":["GET"]}}],"collection":[{"href":"https:\/\/nowa.ksgservice.pl\/index.php?rest_route=\/wp\/v2\/pages"}],"about":[{"href":"https:\/\/nowa.ksgservice.pl\/index.php?rest_route=\/wp\/v2\/types\/page"}],"author":[{"embeddable":true,"href":"https:\/\/nowa.ksgservice.pl\/index.php?rest_route=\/wp\/v2\/users\/1"}],"replies":[{"embeddable":true,"href":"https:\/\/nowa.ksgservice.pl\/index.php?rest_route=%2Fwp%2Fv2%2Fcomments&post=76"}],"version-history":[{"count":7,"href":"https:\/\/nowa.ksgservice.pl\/index.php?rest_route=\/wp\/v2\/pages\/76\/revisions"}],"predecessor-version":[{"id":148,"href":"https:\/\/nowa.ksgservice.pl\/index.php?rest_route=\/wp\/v2\/pages\/76\/revisions\/148"}],"wp:attachment":[{"href":"https:\/\/nowa.ksgservice.pl\/index.php?rest_route=%2Fwp%2Fv2%2Fmedia&parent=76"}],"curies":[{"name":"wp","href":"https:\/\/api.w.org\/{rel}","templated":true}]}}